{"id":195554,"date":"2024-04-02T16:18:38","date_gmt":"2024-04-02T16:18:38","guid":{"rendered":"https:\/\/yuvahomes.com\/?page_id=195554"},"modified":"2024-09-19T04:13:04","modified_gmt":"2024-09-19T04:13:04","slug":"terms-and-conditions","status":"publish","type":"page","link":"https:\/\/yuvahomes.com\/de\/terms-and-conditions\/","title":{"rendered":"Gesch\u00e4ftsbedingungen"},"content":{"rendered":"<div data-elementor-type=\"wp-page\" data-elementor-id=\"195554\" class=\"elementor elementor-195554\" data-elementor-post-type=\"page\">\n\t\t\t\t\t\t<section class=\"elementor-section elementor-top-section elementor-element elementor-element-700b7f4a elementor-section-height-min-height elementor-section-boxed elementor-section-height-default elementor-section-items-middle\" data-id=\"700b7f4a\" data-element_type=\"section\" data-settings=\"{&quot;background_background&quot;:&quot;classic&quot;,&quot;jet_parallax_layout_list&quot;:[]}\">\n\t\t\t\t\t\t\t<div class=\"elementor-background-overlay\"><\/div>\n\t\t\t\t\t\t\t<div class=\"elementor-container elementor-column-gap-default\">\n\t\t\t\t\t<div class=\"elementor-column elementor-col-100 elementor-top-column elementor-element elementor-element-1d2f8d1a\" data-id=\"1d2f8d1a\" data-element_type=\"column\">\n\t\t\t<div class=\"elementor-widget-wrap elementor-element-populated\">\n\t\t\t\t\t\t<div class=\"elementor-element elementor-element-67f88689 elementor-widget elementor-widget-heading\" data-id=\"67f88689\" data-element_type=\"widget\" data-widget_type=\"heading.default\">\n\t\t\t\t<div class=\"elementor-widget-container\">\n\t\t\t\t\t<h1 class=\"elementor-heading-title elementor-size-default\">Gesch\u00e4ftsbedingungen<\/h1>\t\t\t\t<\/div>\n\t\t\t\t<\/div>\n\t\t\t\t\t<\/div>\n\t\t<\/div>\n\t\t\t\t\t<\/div>\n\t\t<\/section>\n\t\t\t\t<section class=\"elementor-section elementor-top-section elementor-element elementor-element-362ed37a elementor-section-stretched elementor-section-boxed elementor-section-height-default elementor-section-height-default elementor-invisible\" data-id=\"362ed37a\" data-element_type=\"section\" data-settings=\"{&quot;stretch_section&quot;:&quot;section-stretched&quot;,&quot;background_background&quot;:&quot;classic&quot;,&quot;animation&quot;:&quot;fadeIn&quot;,&quot;jet_parallax_layout_list&quot;:[{&quot;_id&quot;:&quot;7b488fd&quot;,&quot;jet_parallax_layout_image&quot;:{&quot;url&quot;:&quot;&quot;,&quot;id&quot;:&quot;&quot;,&quot;size&quot;:&quot;&quot;},&quot;jet_parallax_layout_image_tablet&quot;:{&quot;url&quot;:&quot;&quot;,&quot;id&quot;:&quot;&quot;,&quot;size&quot;:&quot;&quot;},&quot;jet_parallax_layout_image_mobile&quot;:{&quot;url&quot;:&quot;&quot;,&quot;id&quot;:&quot;&quot;,&quot;size&quot;:&quot;&quot;},&quot;jet_parallax_layout_speed&quot;:{&quot;unit&quot;:&quot;%&quot;,&quot;size&quot;:50,&quot;sizes&quot;:[]},&quot;jet_parallax_layout_type&quot;:&quot;scroll&quot;,&quot;jet_parallax_layout_direction&quot;:&quot;1&quot;,&quot;jet_parallax_layout_fx_direction&quot;:null,&quot;jet_parallax_layout_z_index&quot;:&quot;&quot;,&quot;jet_parallax_layout_bg_x&quot;:50,&quot;jet_parallax_layout_bg_x_tablet&quot;:&quot;&quot;,&quot;jet_parallax_layout_bg_x_mobile&quot;:&quot;&quot;,&quot;jet_parallax_layout_bg_y&quot;:50,&quot;jet_parallax_layout_bg_y_tablet&quot;:&quot;&quot;,&quot;jet_parallax_layout_bg_y_mobile&quot;:&quot;&quot;,&quot;jet_parallax_layout_bg_size&quot;:&quot;auto&quot;,&quot;jet_parallax_layout_bg_size_tablet&quot;:&quot;&quot;,&quot;jet_parallax_layout_bg_size_mobile&quot;:&quot;&quot;,&quot;jet_parallax_layout_animation_prop&quot;:&quot;transform&quot;,&quot;jet_parallax_layout_on&quot;:[&quot;desktop&quot;,&quot;tablet&quot;]}]}\">\n\t\t\t\t\t\t<div class=\"elementor-container elementor-column-gap-default\">\n\t\t\t\t\t<div class=\"elementor-column elementor-col-100 elementor-top-column elementor-element elementor-element-3bb4dc76\" data-id=\"3bb4dc76\" data-element_type=\"column\" data-settings=\"{&quot;background_background&quot;:&quot;classic&quot;}\">\n\t\t\t<div class=\"elementor-widget-wrap elementor-element-populated\">\n\t\t\t\t\t\t<div class=\"elementor-element elementor-element-2a8345c9 elementor-widget__width-initial elementor-widget elementor-widget-text-editor\" data-id=\"2a8345c9\" data-element_type=\"widget\" data-widget_type=\"text-editor.default\">\n\t\t\t\t<div class=\"elementor-widget-container\">\n\t\t\t\t\t\t\t\t\t<p>Willkommen bei Yuva Homes, wo Ihr Komfort und Ihre Bequemlichkeit unsere obersten Priorit\u00e4ten sind. Bevor Sie Ihre Reservierung bei uns best\u00e4tigen, bitten wir Sie, die folgenden Gesch\u00e4ftsbedingungen zu lesen und ihnen zuzustimmen. Diese Richtlinien gew\u00e4hrleisten einen angenehmen Aufenthalt f\u00fcr alle G\u00e4ste und tragen dazu bei, die Qualit\u00e4t unserer Unterk\u00fcnfte aufrechtzuerhalten. Wenn Sie Fragen oder Bedenken haben, wenden Sie sich bitte jederzeit an unser Team.<\/p><p><strong>Check-In und Check-Out:<\/strong> Der Check-in ist ab 15:00 Uhr m\u00f6glich, der Check-out muss bis 10:00 Uhr erfolgen. Ein fr\u00fcherer Check-in oder sp\u00e4ter Check-out ist gegen Aufpreis m\u00f6glich (je nach Verf\u00fcgbarkeit). G\u00e4ste, die die vereinbarte Check-out-Zeit \u00fcberschreiten oder unsere Reinigung verz\u00f6gern, haften f\u00fcr die daraus entstehenden Kosten und Ausgaben.<\/p><p><strong>Aufenthaltsbeschr\u00e4nkungen:<\/strong> G\u00e4sten ist es untersagt, Reservierungen innerhalb ihres eigenen Wohnortes vorzunehmen. Bitte kontaktieren Sie uns, wenn Sie innerhalb Ihres eigenen Wohnortes buchen m\u00f6chten.<\/p><p><strong>L\u00e4rm und Partys:<\/strong> Partys und \u00fcberm\u00e4\u00dfiger L\u00e4rm, auch auf Balkonen oder in Gemeinschaftsbereichen, sind streng verboten. Von 20:00 bis 8:00 Uhr gilt Nachtruhe.<\/p><p><strong>Raucherrichtlinie:<\/strong> Das Rauchen ist ausschlie\u00dflich auf den Balkonen gestattet und Zigarettenstummel m\u00fcssen ordnungsgem\u00e4\u00df entsorgt werden. Bei Verst\u00f6\u00dfen wird eine Geb\u00fchr von 250 \u20ac zzgl. Kosten f\u00fcr Sonderreinigung und Schadenbehebung f\u00e4llig.<\/p><p><strong>Abfallentsorgung:<\/strong> G\u00e4ste m\u00fcssen ihren M\u00fcll trennen und in den daf\u00fcr vorgesehenen Beh\u00e4ltern auf dem Grundst\u00fcck entsorgen. Im Apartment sind entsprechende Richtlinien angebracht.<\/p><p><strong>Fotografie und Videografie:<\/strong> Kommerzielle Fotografie oder Videografie ist ohne vorherige schriftliche Zustimmung strengstens untersagt. Illegale Aktivit\u00e4ten sind ebenfalls verboten.<\/p><p><strong>Maximale Belegung:<\/strong> Die Anzahl der G\u00e4ste darf die Reservierungssumme nicht \u00fcberschreiten. F\u00fcr nicht autorisierte G\u00e4ste wird eine Geb\u00fchr von 30 \u20ac pro Nacht erhoben.<\/p><p><strong>Haustiere:<\/strong> Haustiere sind nicht erlaubt, mit Ausnahme von Assistenztieren. G\u00e4ste mit Assistenztieren m\u00fcssen uns vor ihrem Aufenthalt kontaktieren.<\/p><p><strong>Verantwortung f\u00fcr Eigentum:<\/strong> F\u00fcr Kosten im Zusammenhang mit verlorenen Schl\u00fcsseln, Fernbedienungen oder \u00e4hnlichen Gegenst\u00e4nden sind die G\u00e4ste verantwortlich und haftbar.<\/p><p><strong>L\u00e4rm\u00fcberwachung:<\/strong> Der Ger\u00e4uschpegel kann mithilfe von Dezibelmessger\u00e4ten in den Apartments \u00fcberwacht werden. In \u00f6ffentlichen Bereichen kann zudem eine Video\u00fcberwachung installiert werden.<\/p><p><strong>Schadenhaftung:<\/strong> F\u00fcr Sch\u00e4den oder Verluste an den R\u00e4umlichkeiten und Einrichtungen sind die G\u00e4ste voll verantwortlich und haftbar. Eventuelle Sch\u00e4den m\u00fcssen unverz\u00fcglich gemeldet werden.<\/p><p><strong>Zustimmung zur Hausordnung:<\/strong> Mit der Buchung einer Reservierung erkl\u00e4ren Sie sich mit der Einhaltung der Hausordnung einverstanden. Bei Nichtbeachtung kann es zur sofortigen Stornierung der Reservierung und zur R\u00e4umung ohne R\u00fcckerstattung kommen.<\/p><p><strong>Vor der Abreise:<\/strong><\/p><ul><li>Sammeln Sie gebrauchte Handt\u00fccher<\/li><li>M\u00fcll richtig entsorgen<\/li><li>Schalten Sie Ger\u00e4te und Lichter aus<\/li><li>R\u00fcckgabetasten<\/li><\/ul><p>Indem Sie eine Reservierung bei Yuva Homes vornehmen, erkennen Sie diese Gesch\u00e4ftsbedingungen an und akzeptieren sie.<\/p>\t\t\t\t\t\t\t\t<\/div>\n\t\t\t\t<\/div>\n\t\t\t\t\t<\/div>\n\t\t<\/div>\n\t\t\t\t\t<\/div>\n\t\t<\/section>\n\t\t\t\t<\/div>","protected":false},"excerpt":{"rendered":"<p>Willkommen bei Yuva Homes, wo Ihr Komfort und Ihre Bequemlichkeit unsere oberste Priorit\u00e4t haben. Bevor Sie Ihre Reservierung bei uns best\u00e4tigen, bitten wir Sie, die folgenden Gesch\u00e4ftsbedingungen zu lesen und ihnen zuzustimmen. Diese Richtlinien gew\u00e4hrleisten einen angenehmen Aufenthalt f\u00fcr alle G\u00e4ste und tragen zur Aufrechterhaltung der Qualit\u00e4t unserer Unterk\u00fcnfte bei. Wenn Sie Fragen haben [\u2026]<\/p>","protected":false},"author":22,"featured_media":0,"parent":0,"menu_order":0,"comment_status":"closed","ping_status":"closed","template":"","meta":{"_acf_changed":false,"footnotes":""},"class_list":["post-195554","page","type-page","status-publish","hentry"],"acf":[],"_links":{"self":[{"href":"https:\/\/yuvahomes.com\/de\/wp-json\/wp\/v2\/pages\/195554","targetHints":{"allow":["GET"]}}],"collection":[{"href":"https:\/\/yuvahomes.com\/de\/wp-json\/wp\/v2\/pages"}],"about":[{"href":"https:\/\/yuvahomes.com\/de\/wp-json\/wp\/v2\/types\/page"}],"author":[{"embeddable":true,"href":"https:\/\/yuvahomes.com\/de\/wp-json\/wp\/v2\/users\/22"}],"replies":[{"embeddable":true,"href":"https:\/\/yuvahomes.com\/de\/wp-json\/wp\/v2\/comments?post=195554"}],"version-history":[{"count":13,"href":"https:\/\/yuvahomes.com\/de\/wp-json\/wp\/v2\/pages\/195554\/revisions"}],"predecessor-version":[{"id":195604,"href":"https:\/\/yuvahomes.com\/de\/wp-json\/wp\/v2\/pages\/195554\/revisions\/195604"}],"wp:attachment":[{"href":"https:\/\/yuvahomes.com\/de\/wp-json\/wp\/v2\/media?parent=195554"}],"curies":[{"name":"wp","href":"https:\/\/api.w.org\/{rel}","templated":true}]}}